{"id":590,"date":"2022-09-07T21:02:22","date_gmt":"2022-09-07T19:02:22","guid":{"rendered":"https:\/\/www.eleworks.de\/?page_id=590"},"modified":"2022-09-13T15:31:31","modified_gmt":"2022-09-13T13:31:31","slug":"schoene-neue-welt-kurz-gedacht-zu-kurz","status":"publish","type":"page","link":"https:\/\/staging.eleworks.de\/?page_id=590","title":{"rendered":"Sind wir noch zu retten &#8230; kurz gedacht &#8230; zu kurz?"},"content":{"rendered":"\n<div class=\"wp-block-cover alignfull is-light has-parallax lazyload\" style=\"background-image:inherit;min-height:1200px;aspect-ratio:unset;\" data-bg-image=\"url(https:\/\/www.eleworks.de\/wp-content\/uploads\/2022\/09\/only-a-3-minute-earth-620625-scaled.jpg)\"><span aria-hidden=\"true\" class=\"wp-block-cover__background has-background-dim-40 has-background-dim\"><\/span><div class=\"wp-block-cover__inner-container is-layout-flow wp-block-cover-is-layout-flow\">\n<p><\/p>\n\n\n\n<div style=\"height:100px\" aria-hidden=\"true\" class=\"wp-block-spacer\"><\/div>\n\n\n\n<h2 class=\"alignwide has-white-color has-text-color wp-block-heading\" style=\"font-size:64px\"><strong>&#8230; sind wir noch zu retten?<\/strong><\/h2>\n\n\n\n<p class=\"has-white-color has-text-color\" style=\"font-size:26px\"><strong>Diese Frage stellen sich heutzutage viele Menschen <\/strong><br><strong>(<\/strong>das Netz ist \u00fcbrigens voll davon &#8211; warum wohl?<strong>)!<\/strong><\/p>\n\n\n\n<div class=\"wp-block-columns alignwide is-layout-flex wp-container-core-columns-is-layout-9d6595d7 wp-block-columns-is-layout-flex\">\n<div class=\"wp-block-column is-layout-flow wp-block-column-is-layout-flow\" style=\"flex-basis:55%\">\n<div style=\"height:15px\" aria-hidden=\"true\" class=\"wp-block-spacer\"><\/div>\n\n\n\n<p class=\"has-white-color has-text-color has-medium-font-size\"><strong>Kurz gedacht &#8230; <br>\u2026 aus meiner Sicht gibt es darauf nur eine Antwort &#8211; kurz gesagt: <\/strong><\/p>\n\n\n\n<p class=\"has-text-color has-large-font-size\" style=\"color:#fcfa07\"><strong>NEIN !<\/strong><\/p>\n\n\n\n<hr class=\"wp-block-separator has-text-color has-white-color has-alpha-channel-opacity has-white-background-color has-background is-style-wide\"\/>\n\n\n\n<p class=\"has-white-color has-text-color\" style=\"font-size:28px\">Welche F\u00e4higkeiten des Menschen k\u00f6nnten daf\u00fcr sprechen, dass wir noch noch zu retten sind? <br>Und welche dagegen?<\/p>\n\n\n\n<hr class=\"wp-block-separator has-text-color has-white-color has-alpha-channel-opacity has-white-background-color has-background is-style-wide\"\/>\n\n\n\n<p class=\"has-white-color has-text-color\" style=\"font-size:22px\"><strong>DAF\u00dcR<\/strong>:&nbsp;<\/p>\n\n\n\n<p class=\"has-white-color has-text-color\" style=\"font-size:22px\"><strong>Ein Paket an eimaligen F\u00e4higkeiten stehen dem Menschen zur Verf\u00fcgung<\/strong><\/p>\n\n\n\n<p class=\"has-text-color\" style=\"color:#fcfa07\">\u2022 Unbegrenzte F\u00e4higkeit zur Vorstellung und Reflexion \u00fcber verschiedene Situationen. <\/p>\n\n\n\n<p class=\"has-text-color\" style=\"color:#fcfa07\">\u2022 Unser tiefes Bed\u00fcrfnis, uns \u00fcber die von unserem Geist geschaffenen Szenarien mit anderen auszutauschen. <\/p>\n\n\n\n<p class=\"has-text-color\" style=\"color:#fcfa07\">\u2022&nbsp;Wir besitzen die F\u00e4higkeit zur Reflexion, eine offene Sprache, k\u00f6nnen uns denken, was andere denken (auch wenn wir dabei nicht immer richtig liegen), verwandeln und \u201ekultivieren\u201c die Natur und haben moralische Anspr\u00fcche an die&nbsp;Anderen und an uns selbst. <\/p>\n\n\n\n<p class=\"has-text-color\" style=\"color:#fcfa07\">\u2022&nbsp;Mensch ist in der Lage, kausale Zusammenh\u00e4nge zu erkennen, Werkzeuge zu erschaffen und nach ethisch-moralischen Prinzipien zu handeln. <\/p>\n\n\n\n<p class=\"has-text-color\" style=\"color:#fcfa07\">\u2022&nbsp;Selbstreflexion, Antizipation, Konzeptionen sowie vielf\u00e4ltige Kommunikation (auch Dokumentation) erlauben dem Menschen weit mehr als allen anderen Tieren die Selbststeuerung seines Schicksals und die rasche \u00c4nderung seiner Lebensweise. <\/p>\n\n\n\n<p class=\"has-text-color\" style=\"color:#fcfa07\">\u2022&nbsp;Der Drang, Neues zu entdecken und die Welt zu verstehen<\/p>\n\n\n\n<p class=\"has-text-color\" style=\"color:#fcfa07\">\u2022 Unsere Wissenschaft, Forschung bringen uns immer weiterreichende Einblicke \u00fcber die Zusammenh\u00e4nge des Lebens, der Natur, ja dem Cosmos&nbsp;&#8230;<\/p>\n\n\n\n<hr class=\"wp-block-separator has-text-color has-white-color has-alpha-channel-opacity has-white-background-color has-background is-style-wide\"\/>\n\n\n\n<p class=\"has-white-color has-text-color\" style=\"font-size:22px\"><strong>DAGEGEN:&nbsp;<\/strong><\/p>\n\n\n\n<p class=\"has-white-color has-text-color\" style=\"font-size:22px\"><strong>Dem Paket an eimaligen M\u00f6glichkeiten der Menschen steht leider eine Eigenschaft entgegen, die alle anderen F\u00e4higkeiten praktisch komplett aufhebt &#8230;<\/strong><\/p>\n\n\n\n<hr class=\"wp-block-separator has-text-color has-white-color has-alpha-channel-opacity has-white-background-color has-background is-style-wide\"\/>\n\n\n\n<p class=\"has-text-color\" style=\"color:#fcfa07\">\u2022 Ignoranz = die F\u00e4higkeit alle genannten erstaunlichen F\u00e4higkeiten und alle daraus resultierenden Erkenntnisse komplett&nbsp;und beharrlich, wieder besseren Wissens&nbsp;zu ignorieren.<\/p>\n\n\n\n<hr class=\"wp-block-separator has-text-color has-white-color has-alpha-channel-opacity has-white-background-color has-background is-style-wide\"\/>\n\n\n\n<p class=\"has-white-color has-text-color has-x-large-font-size\">&#8230; und das war&#8217;s dann!<\/p>\n\n\n\n<hr class=\"wp-block-separator has-text-color has-luminous-vivid-amber-color has-alpha-channel-opacity has-luminous-vivid-amber-background-color has-background is-style-wide\"\/>\n\n\n\n<p class=\"has-white-color has-text-color has-small-font-size\" style=\"font-style:italic;font-weight:400\">P.S.:<\/p>\n\n\n\n<h1 class=\"has-white-color has-text-color has-small-font-size wp-block-heading\"><em>ANTHROPOZ\u00c4N<\/em> &#8211; Zeitalter des Menschen.<\/h1>\n\n\n\n<p class=\"has-white-color has-text-color has-small-font-size\" style=\"font-style:italic;font-weight:400\">Der Mensch ist in der Lage, den Planeten und seine Lebensgrundlagen zu zerst\u00f6ren, und wir alle sind gerade kr\u00e4ftig dabei, den Ast auf dem wir sitzen, abzus\u00e4gen. Es knirscht schon, und selbst ein radikales Umdenken macht den weiteren Verlauf der Geschichte h\u00f6chst fraglich. Wir haben es weit gebracht. Wir haben Tierarten ausgerottet und machen das auch heute noch. Wir beuten die nat\u00fcrlichen Ressourcen der Erde aus, bis nichts mehr da ist. Wir k\u00f6nnen diesen Untergang mittlerweile mathematisch recht genau berechnen, doch eine Umkehr, eine Besinnung ist nur bei Wenigen in Sicht.<\/p>\n\n\n\n<p class=\"has-white-color has-text-color has-small-font-size\" style=\"font-style:italic;font-weight:400\">Jede F\u00e4higkeit bringt auch die Pflicht zur Verantwortlichkeit mit sich. Wir Menschen sind heute mehr denn je in der Lage, uns \u00fcber das Internet in Sekundenschnelle \u00fcber unsere Erkenntnisse auszutauschen und andere \u00fcber Gefahren und m\u00f6gliche Fehlentwicklungen zu informieren. Wir sind demnach in der Lage, unseren falschen Kurs zu korrigieren. \u2013 Das sollten wir auch tun. Damit wir nicht die erste Spezies werden, die es geschafft hat, sich selbst auszurotten.<\/p>\n\n\n\n<hr class=\"wp-block-separator has-text-color has-luminous-vivid-amber-color has-alpha-channel-opacity has-luminous-vivid-amber-background-color has-background is-style-wide\"\/>\n<\/div>\n\n\n\n<div class=\"wp-block-column is-layout-flow wp-block-column-is-layout-flow\">\n<figure class=\"wp-block-gallery has-nested-images columns-default is-cropped wp-block-gallery-1 is-layout-flex wp-block-gallery-is-layout-flex\">\n<figure class=\"wp-block-image size-large\"><img fetchpriority=\"high\" decoding=\"async\" width=\"1920\" height=\"1344\" data-id=\"571\" src=\"https:\/\/www.eleworks.de\/wp-content\/uploads\/2022\/09\/world-3258866_1920.jpg\" alt=\"\" class=\"wp-image-571\" srcset=\"https:\/\/staging.eleworks.de\/wp-content\/uploads\/2022\/09\/world-3258866_1920.jpg 1920w, https:\/\/staging.eleworks.de\/wp-content\/uploads\/2022\/09\/world-3258866_1920-300x210.jpg 300w, https:\/\/staging.eleworks.de\/wp-content\/uploads\/2022\/09\/world-3258866_1920-1024x717.jpg 1024w, https:\/\/staging.eleworks.de\/wp-content\/uploads\/2022\/09\/world-3258866_1920-768x538.jpg 768w, https:\/\/staging.eleworks.de\/wp-content\/uploads\/2022\/09\/world-3258866_1920-1536x1075.jpg 1536w, https:\/\/staging.eleworks.de\/wp-content\/uploads\/2022\/09\/world-3258866_1920-600x420.jpg 600w\" sizes=\"(max-width: 1920px) 100vw, 1920px\" \/><\/figure>\n\n\n\n<figure class=\"wp-block-image size-large\"><img decoding=\"async\" width=\"1920\" height=\"1373\" data-id=\"575\" data-src=\"https:\/\/www.eleworks.de\/wp-content\/uploads\/2022\/09\/hug-the-whole-world-1694998_1920.jpg\" alt=\"\" class=\"wp-image-575 lazyload\" data-srcset=\"https:\/\/staging.eleworks.de\/wp-content\/uploads\/2022\/09\/hug-the-whole-world-1694998_1920.jpg 1920w, https:\/\/staging.eleworks.de\/wp-content\/uploads\/2022\/09\/hug-the-whole-world-1694998_1920-300x215.jpg 300w, https:\/\/staging.eleworks.de\/wp-content\/uploads\/2022\/09\/hug-the-whole-world-1694998_1920-1024x732.jpg 1024w, https:\/\/staging.eleworks.de\/wp-content\/uploads\/2022\/09\/hug-the-whole-world-1694998_1920-768x549.jpg 768w, https:\/\/staging.eleworks.de\/wp-content\/uploads\/2022\/09\/hug-the-whole-world-1694998_1920-1536x1098.jpg 1536w, https:\/\/staging.eleworks.de\/wp-content\/uploads\/2022\/09\/hug-the-whole-world-1694998_1920-600x429.jpg 600w\" data-sizes=\"(max-width: 1920px) 100vw, 1920px\" src=\"data:image\/svg+xml;base64,PHN2ZyB3aWR0aD0iMSIgaGVpZ2h0PSIxIiB4bWxucz0iaHR0cDovL3d3dy53My5vcmcvMjAwMC9zdmciPjwvc3ZnPg==\" style=\"--smush-placeholder-width: 1920px; --smush-placeholder-aspect-ratio: 1920\/1373;\" \/><\/figure>\n\n\n\n<figure class=\"wp-block-image size-large\"><img decoding=\"async\" width=\"1024\" height=\"614\" data-id=\"579\" data-src=\"https:\/\/www.eleworks.de\/wp-content\/uploads\/2022\/09\/astronaut-4761434_1920-1-1024x614.jpg\" alt=\"\" class=\"wp-image-579 lazyload\" data-srcset=\"https:\/\/staging.eleworks.de\/wp-content\/uploads\/2022\/09\/astronaut-4761434_1920-1-1024x614.jpg 1024w, https:\/\/staging.eleworks.de\/wp-content\/uploads\/2022\/09\/astronaut-4761434_1920-1-300x180.jpg 300w, https:\/\/staging.eleworks.de\/wp-content\/uploads\/2022\/09\/astronaut-4761434_1920-1-768x461.jpg 768w, https:\/\/staging.eleworks.de\/wp-content\/uploads\/2022\/09\/astronaut-4761434_1920-1-1536x922.jpg 1536w, https:\/\/staging.eleworks.de\/wp-content\/uploads\/2022\/09\/astronaut-4761434_1920-1-600x360.jpg 600w, https:\/\/staging.eleworks.de\/wp-content\/uploads\/2022\/09\/astronaut-4761434_1920-1.jpg 1920w\" data-sizes=\"(max-width: 1024px) 100vw, 1024px\" src=\"data:image\/svg+xml;base64,PHN2ZyB3aWR0aD0iMSIgaGVpZ2h0PSIxIiB4bWxucz0iaHR0cDovL3d3dy53My5vcmcvMjAwMC9zdmciPjwvc3ZnPg==\" style=\"--smush-placeholder-width: 1024px; --smush-placeholder-aspect-ratio: 1024\/614;\" \/><\/figure>\n<\/figure>\n<\/div>\n<\/div>\n<\/div><\/div>\n\n\n\n<div style=\"height:39px\" aria-hidden=\"true\" class=\"wp-block-spacer\"><\/div>\n\n\n\n<div class=\"wp-block-buttons is-layout-flex wp-block-buttons-is-layout-flex\">\n<div class=\"wp-block-button has-custom-width wp-block-button__width-100\"><a class=\"wp-block-button__link\" href=\"https:\/\/www.ardalpha.de\/wissen\/umwelt\/nachhaltigkeit\/anthropozaen-erdzeitalter-geologie-mensch-100.html\" target=\"_blank\" rel=\"noreferrer noopener\">siehe dazu auch: ARD ALPHA &#8211; Zeitalter des Menschen = das <em>ANTHROPOZ\u00c4N<\/em><\/a><\/div>\n<\/div>\n\n\n\n<div style=\"height:24px\" aria-hidden=\"true\" class=\"wp-block-spacer\"><\/div>\n\n\n\n<div class=\"wp-block-buttons is-layout-flex wp-block-buttons-is-layout-flex\">\n<div class=\"wp-block-button has-custom-width wp-block-button__width-100\"><a class=\"wp-block-button__link\" href=\"https:\/\/www.phoenix.de\/sendungen\/dokumentationen\/klimaalarm-sind-wir-noch-zu-retten-a-2490923.html\">siehe dazu auch: phoenix (von ARD &amp; ZDF)  #KlimaAlarm: Sind wir noch zu retten?<\/a><\/div>\n<\/div>\n","protected":false},"excerpt":{"rendered":"","protected":false},"author":1,"featured_media":598,"parent":0,"menu_order":0,"comment_status":"open","ping_status":"closed","template":"","meta":{"footnotes":""},"class_list":["post-590","page","type-page","status-publish","has-post-thumbnail","hentry"],"_links":{"self":[{"href":"https:\/\/staging.eleworks.de\/index.php?rest_route=\/wp\/v2\/pages\/590","targetHints":{"allow":["GET"]}}],"collection":[{"href":"https:\/\/staging.eleworks.de\/index.php?rest_route=\/wp\/v2\/pages"}],"about":[{"href":"https:\/\/staging.eleworks.de\/index.php?rest_route=\/wp\/v2\/types\/page"}],"author":[{"embeddable":true,"href":"https:\/\/staging.eleworks.de\/index.php?rest_route=\/wp\/v2\/users\/1"}],"replies":[{"embeddable":true,"href":"https:\/\/staging.eleworks.de\/index.php?rest_route=%2Fwp%2Fv2%2Fcomments&post=590"}],"version-history":[{"count":0,"href":"https:\/\/staging.eleworks.de\/index.php?rest_route=\/wp\/v2\/pages\/590\/revisions"}],"wp:featuredmedia":[{"embeddable":true,"href":"https:\/\/staging.eleworks.de\/index.php?rest_route=\/wp\/v2\/media\/598"}],"wp:attachment":[{"href":"https:\/\/staging.eleworks.de\/index.php?rest_route=%2Fwp%2Fv2%2Fmedia&parent=590"}],"curies":[{"name":"wp","href":"https:\/\/api.w.org\/{rel}","templated":true}]}}