{"id":542,"date":"2022-09-04T22:03:16","date_gmt":"2022-09-04T20:03:16","guid":{"rendered":"https:\/\/www.eleworks.de\/?page_id=542"},"modified":"2022-09-04T22:37:03","modified_gmt":"2022-09-04T20:37:03","slug":"naturlich-wasser","status":"publish","type":"page","link":"https:\/\/staging.eleworks.de\/?page_id=542","title":{"rendered":"Natur(lich) WASSER"},"content":{"rendered":"\n<div style=\"height:16px\" aria-hidden=\"true\" class=\"wp-block-spacer\"><\/div>\n\n\n\n<div class=\"wp-block-cover aligncenter is-light has-parallax has-custom-content-position is-position-top-left lazyload\" style=\"background-image:inherit;min-height:150vh;aspect-ratio:unset;\" data-bg-image=\"url(https:\/\/www.eleworks.de\/wp-content\/uploads\/2022\/09\/drop-Wasser003-scaled.jpg)\"><span aria-hidden=\"true\" class=\"wp-block-cover__background has-background-dim-10 has-background-dim\"><\/span><div class=\"wp-block-cover__inner-container is-layout-flow wp-block-cover-is-layout-flow\">\n<div style=\"height:64px\" aria-hidden=\"true\" class=\"wp-block-spacer\"><\/div>\n\n\n\n<h2 class=\"has-text-color wp-block-heading\" style=\"color:#f7fd02;font-size:82px;font-style:normal;font-weight:600;text-transform:uppercase\">Wasser. <\/h2>\n\n\n\n<h5 class=\"has-text-color has-large-font-size wp-block-heading\" style=\"color:#f7fd02;font-style:italic;font-weight:200;text-transform:lowercase\">Ist zum trinken da &#8230; Oder ist da noch mehr?<\/h5>\n\n\n\n<div class=\"wp-block-columns alignwide is-layout-flex wp-container-core-columns-is-layout-9d6595d7 wp-block-columns-is-layout-flex\">\n<div class=\"wp-block-column is-layout-flow wp-block-column-is-layout-flow\" style=\"flex-basis:55%\">\n<p class=\"has-drop-cap has-text-color\" style=\"color:#ffe074;font-size:16px;line-height:1.3\"><em><em>Wenn der Beduine mit Kamel nach \u00c4gypten zieht braucht er kein \u00d6l, aber ab und zu mal Wasser, denn er kommt sonst nie zu Nasser. Oder wenn man auf der Autobahn mit dem Auto f\u00e4hrt was braucht man dann Wasser, den Motor zu k\u00fchlen und zu Haus braucht mans zum sp\u00fclen. Man braucht es jedenfalls wenn auch selten mal am Hals! Wasser ist zum Waschen da, auch zum Z\u00e4hneputzen kann man es benutzen. Wasser braucht das liebe Vieh, selbst die Feuerwehr ben\u00f6tigt Wasser sehr, ohne Wasser g\u00e4b&#8217;s kein Paddelbbot,&nbsp;keine \u00d6lsardinen auf dem Brot und am Strand der Riviera w\u00e4r es heute schon viel leerer, auch die Wassersp\u00fclung w\u00e4rn wir los, in der Wasserleitung w\u00fcchse Moos und Hawaii die S\u00fcdseeinsel w\u00e4r ein \u00f6der Palmenpinsel, ja selbst der Wasserfloh Qu\u00e4lte uns dann irgendwo. Wasser ist zum Waschen da, wenn man es nicht h\u00e4tt w\u00e4r stets die Milch zu fett!Einmal baden j\u00e4hrlich, das muss sein fr\u00fcher warn die Menschen nicht so fein denn zur Zeit des alten Fritzen, da gen\u00fcgte schon das Schwitzen, ohne Wasser kann es nicht mehr gehn wenn wir auch mal bis zum Hals drin stehn. Doch kein Mensch kann so tief sinken und das Wasser einmal trinken, das wei\u00df doch jeder Tor, nur der Wein schmeckt nicht nach Chlor. Wasser ist zum Waschen da, auch zum Z\u00e4hneputzen kann man es benutzen.Wasser braucht das liebe Vieh, denn Wasser trinkt der Vierbeiner, der Mensch, der findet Bier feiner. Auch bei manchen F\u00fc\u00dfen w\u00fcrde mans begr\u00fc\u00dfen<\/em><\/em><\/p>\n<\/div>\n\n\n\n<div class=\"wp-block-column is-vertically-aligned-center is-layout-flow wp-block-column-is-layout-flow\"><\/div>\n<\/div>\n\n\n\n<figure class=\"wp-block-gallery has-nested-images columns-default is-cropped wp-block-gallery-1 is-layout-flex wp-block-gallery-is-layout-flex\">\n<figure class=\"wp-block-image size-large\"><img fetchpriority=\"high\" decoding=\"async\" width=\"2560\" height=\"1263\" data-id=\"521\" src=\"https:\/\/www.eleworks.de\/wp-content\/uploads\/2022\/09\/wave-Wasser002-scaled.jpg\" alt=\"\" class=\"wp-image-521\" srcset=\"https:\/\/staging.eleworks.de\/wp-content\/uploads\/2022\/09\/wave-Wasser002-scaled.jpg 2560w, https:\/\/staging.eleworks.de\/wp-content\/uploads\/2022\/09\/wave-Wasser002-300x148.jpg 300w, https:\/\/staging.eleworks.de\/wp-content\/uploads\/2022\/09\/wave-Wasser002-1024x505.jpg 1024w, https:\/\/staging.eleworks.de\/wp-content\/uploads\/2022\/09\/wave-Wasser002-768x379.jpg 768w, https:\/\/staging.eleworks.de\/wp-content\/uploads\/2022\/09\/wave-Wasser002-1536x758.jpg 1536w, https:\/\/staging.eleworks.de\/wp-content\/uploads\/2022\/09\/wave-Wasser002-2048x1011.jpg 2048w, https:\/\/staging.eleworks.de\/wp-content\/uploads\/2022\/09\/wave-Wasser002-600x296.jpg 600w\" sizes=\"(max-width: 2560px) 100vw, 2560px\" \/><\/figure>\n\n\n\n<figure class=\"wp-block-image size-large\"><img decoding=\"async\" width=\"2560\" height=\"1707\" data-id=\"526\" data-src=\"https:\/\/www.eleworks.de\/wp-content\/uploads\/2022\/09\/faucet-Wasser001-scaled.jpg\" alt=\"\" class=\"wp-image-526 lazyload\" data-srcset=\"https:\/\/staging.eleworks.de\/wp-content\/uploads\/2022\/09\/faucet-Wasser001-scaled.jpg 2560w, https:\/\/staging.eleworks.de\/wp-content\/uploads\/2022\/09\/faucet-Wasser001-300x200.jpg 300w, https:\/\/staging.eleworks.de\/wp-content\/uploads\/2022\/09\/faucet-Wasser001-1024x683.jpg 1024w, https:\/\/staging.eleworks.de\/wp-content\/uploads\/2022\/09\/faucet-Wasser001-768x512.jpg 768w, https:\/\/staging.eleworks.de\/wp-content\/uploads\/2022\/09\/faucet-Wasser001-1536x1024.jpg 1536w, https:\/\/staging.eleworks.de\/wp-content\/uploads\/2022\/09\/faucet-Wasser001-2048x1365.jpg 2048w, https:\/\/staging.eleworks.de\/wp-content\/uploads\/2022\/09\/faucet-Wasser001-600x400.jpg 600w\" data-sizes=\"(max-width: 2560px) 100vw, 2560px\" src=\"data:image\/svg+xml;base64,PHN2ZyB3aWR0aD0iMSIgaGVpZ2h0PSIxIiB4bWxucz0iaHR0cDovL3d3dy53My5vcmcvMjAwMC9zdmciPjwvc3ZnPg==\" style=\"--smush-placeholder-width: 2560px; --smush-placeholder-aspect-ratio: 2560\/1707;\" \/><\/figure>\n\n\n\n<figure class=\"wp-block-image size-large\"><img decoding=\"async\" width=\"1709\" height=\"2560\" data-id=\"527\" data-src=\"https:\/\/www.eleworks.de\/wp-content\/uploads\/2022\/09\/aquarium-nature-Wasser001-scaled.jpg\" alt=\"\" class=\"wp-image-527 lazyload\" data-srcset=\"https:\/\/staging.eleworks.de\/wp-content\/uploads\/2022\/09\/aquarium-nature-Wasser001-scaled.jpg 1709w, https:\/\/staging.eleworks.de\/wp-content\/uploads\/2022\/09\/aquarium-nature-Wasser001-200x300.jpg 200w, https:\/\/staging.eleworks.de\/wp-content\/uploads\/2022\/09\/aquarium-nature-Wasser001-684x1024.jpg 684w, https:\/\/staging.eleworks.de\/wp-content\/uploads\/2022\/09\/aquarium-nature-Wasser001-768x1151.jpg 768w, https:\/\/staging.eleworks.de\/wp-content\/uploads\/2022\/09\/aquarium-nature-Wasser001-1025x1536.jpg 1025w, https:\/\/staging.eleworks.de\/wp-content\/uploads\/2022\/09\/aquarium-nature-Wasser001-1367x2048.jpg 1367w, https:\/\/staging.eleworks.de\/wp-content\/uploads\/2022\/09\/aquarium-nature-Wasser001-600x899.jpg 600w\" data-sizes=\"(max-width: 1709px) 100vw, 1709px\" src=\"data:image\/svg+xml;base64,PHN2ZyB3aWR0aD0iMSIgaGVpZ2h0PSIxIiB4bWxucz0iaHR0cDovL3d3dy53My5vcmcvMjAwMC9zdmciPjwvc3ZnPg==\" style=\"--smush-placeholder-width: 1709px; --smush-placeholder-aspect-ratio: 1709\/2560;\" \/><\/figure>\n<\/figure>\n\n\n\n<div style=\"height:7px\" aria-hidden=\"true\" class=\"wp-block-spacer\"><\/div>\n\n\n\n<div style=\"height:100px\" aria-hidden=\"true\" class=\"wp-block-spacer\"><\/div>\n\n\n\n<p class=\"has-text-color has-large-font-size\" style=\"color:#ffe074;font-style:normal;font-weight:300\">Deutschland geht langsam das Wasser aus<\/p>\n\n\n\n<p class=\"has-text-color\" style=\"color:#ffe074\">Wasserhahn aufdrehen &#8211; und es kommt nichts raus? In Deutschland kennen die meisten Bundesb\u00fcrger das bisher nur von Rohrbr\u00fcchen oder Reparaturarbeiten. Doch im zweiten trockenen Sommer und nach Hitzerekorden wie zuletzt im Juni stehen Regionen wie die Lausitz vor einem Problem: Wenn es weiter so wenig regnet, k\u00f6nnten Wasservorr\u00e4te knapp werden. F\u00fcr Deutschland ist das v\u00f6llig neu.<\/p>\n\n\n\n<figure class=\"wp-block-gallery has-nested-images columns-default is-cropped wp-block-gallery-2 is-layout-flex wp-block-gallery-is-layout-flex\">\n<figure class=\"wp-block-image size-large\"><img decoding=\"async\" width=\"2560\" height=\"1707\" data-id=\"514\" data-src=\"https:\/\/www.eleworks.de\/wp-content\/uploads\/2022\/09\/tractor-trocken-staub-scaled.jpg\" alt=\"\" class=\"wp-image-514 lazyload\" data-srcset=\"https:\/\/staging.eleworks.de\/wp-content\/uploads\/2022\/09\/tractor-trocken-staub-scaled.jpg 2560w, https:\/\/staging.eleworks.de\/wp-content\/uploads\/2022\/09\/tractor-trocken-staub-300x200.jpg 300w, https:\/\/staging.eleworks.de\/wp-content\/uploads\/2022\/09\/tractor-trocken-staub-1024x683.jpg 1024w, https:\/\/staging.eleworks.de\/wp-content\/uploads\/2022\/09\/tractor-trocken-staub-768x512.jpg 768w, https:\/\/staging.eleworks.de\/wp-content\/uploads\/2022\/09\/tractor-trocken-staub-1536x1024.jpg 1536w, https:\/\/staging.eleworks.de\/wp-content\/uploads\/2022\/09\/tractor-trocken-staub-2048x1365.jpg 2048w, https:\/\/staging.eleworks.de\/wp-content\/uploads\/2022\/09\/tractor-trocken-staub-600x400.jpg 600w\" data-sizes=\"(max-width: 2560px) 100vw, 2560px\" src=\"data:image\/svg+xml;base64,PHN2ZyB3aWR0aD0iMSIgaGVpZ2h0PSIxIiB4bWxucz0iaHR0cDovL3d3dy53My5vcmcvMjAwMC9zdmciPjwvc3ZnPg==\" style=\"--smush-placeholder-width: 2560px; --smush-placeholder-aspect-ratio: 2560\/1707;\" \/><\/figure>\n\n\n\n<figure class=\"wp-block-image size-large\"><img decoding=\"async\" width=\"2560\" height=\"1989\" data-id=\"506\" data-src=\"https:\/\/www.eleworks.de\/wp-content\/uploads\/2022\/09\/drought-flower-scaled.jpg\" alt=\"\" class=\"wp-image-506 lazyload\" data-srcset=\"https:\/\/staging.eleworks.de\/wp-content\/uploads\/2022\/09\/drought-flower-scaled.jpg 2560w, https:\/\/staging.eleworks.de\/wp-content\/uploads\/2022\/09\/drought-flower-300x233.jpg 300w, https:\/\/staging.eleworks.de\/wp-content\/uploads\/2022\/09\/drought-flower-1024x796.jpg 1024w, https:\/\/staging.eleworks.de\/wp-content\/uploads\/2022\/09\/drought-flower-768x597.jpg 768w, https:\/\/staging.eleworks.de\/wp-content\/uploads\/2022\/09\/drought-flower-1536x1194.jpg 1536w, https:\/\/staging.eleworks.de\/wp-content\/uploads\/2022\/09\/drought-flower-2048x1591.jpg 2048w, https:\/\/staging.eleworks.de\/wp-content\/uploads\/2022\/09\/drought-flower-600x466.jpg 600w\" data-sizes=\"(max-width: 2560px) 100vw, 2560px\" src=\"data:image\/svg+xml;base64,PHN2ZyB3aWR0aD0iMSIgaGVpZ2h0PSIxIiB4bWxucz0iaHR0cDovL3d3dy53My5vcmcvMjAwMC9zdmciPjwvc3ZnPg==\" style=\"--smush-placeholder-width: 2560px; --smush-placeholder-aspect-ratio: 2560\/1989;\" \/><\/figure>\n\n\n\n<figure class=\"wp-block-image size-large\"><img decoding=\"async\" width=\"2560\" height=\"1920\" data-id=\"510\" data-src=\"https:\/\/www.eleworks.de\/wp-content\/uploads\/2022\/09\/farewell-trocken-scaled.jpg\" alt=\"\" class=\"wp-image-510 lazyload\" data-srcset=\"https:\/\/staging.eleworks.de\/wp-content\/uploads\/2022\/09\/farewell-trocken-scaled.jpg 2560w, https:\/\/staging.eleworks.de\/wp-content\/uploads\/2022\/09\/farewell-trocken-300x225.jpg 300w, https:\/\/staging.eleworks.de\/wp-content\/uploads\/2022\/09\/farewell-trocken-1024x768.jpg 1024w, https:\/\/staging.eleworks.de\/wp-content\/uploads\/2022\/09\/farewell-trocken-768x576.jpg 768w, https:\/\/staging.eleworks.de\/wp-content\/uploads\/2022\/09\/farewell-trocken-1536x1152.jpg 1536w, https:\/\/staging.eleworks.de\/wp-content\/uploads\/2022\/09\/farewell-trocken-2048x1536.jpg 2048w, https:\/\/staging.eleworks.de\/wp-content\/uploads\/2022\/09\/farewell-trocken-600x450.jpg 600w\" data-sizes=\"(max-width: 2560px) 100vw, 2560px\" src=\"data:image\/svg+xml;base64,PHN2ZyB3aWR0aD0iMSIgaGVpZ2h0PSIxIiB4bWxucz0iaHR0cDovL3d3dy53My5vcmcvMjAwMC9zdmciPjwvc3ZnPg==\" style=\"--smush-placeholder-width: 2560px; --smush-placeholder-aspect-ratio: 2560\/1920;\" \/><\/figure>\n<\/figure>\n\n\n\n<div style=\"height:100px\" aria-hidden=\"true\" class=\"wp-block-spacer\"><\/div>\n<\/div><\/div>\n\n\n\n<div style=\"height:60px\" aria-hidden=\"true\" class=\"wp-block-spacer\"><\/div>\n\n\n\n<div class=\"wp-block-buttons is-content-justification-left is-layout-flex wp-container-core-buttons-is-layout-fdcfc74e wp-block-buttons-is-layout-flex\">\n<div class=\"wp-block-button has-custom-width wp-block-button__width-100 has-custom-font-size\" style=\"font-size:12px\"><a class=\"wp-block-button__link has-black-background-color has-background\" href=\"https:\/\/www.dw.com\/de\/in-deutschland-wird-das-wasser-knapp\/a-57809354\" style=\"border-radius:93px\" target=\"_blank\" rel=\"noreferrer noopener\">In Deutschland wird das Wasser knapp &#8211; DW<\/a><\/div>\n\n\n\n<div class=\"wp-block-button has-custom-width wp-block-button__width-100 has-custom-font-size is-style-fill\" style=\"font-size:12px\"><a class=\"wp-block-button__link has-white-color has-black-background-color has-text-color has-background\" href=\"https:\/\/www.deutschlandfunk.de\/wasserknappheit-wassermangel-nationale-wasserstrategie-durre-in-deutschland-100.html\" style=\"border-radius:100px\">Die Nationale Wasserstrategie der Bundesregierung.  &#8211;  Dfl<\/a><\/div>\n\n\n\n<div class=\"wp-block-button has-custom-width wp-block-button__width-100 has-custom-font-size is-style-fill\" style=\"font-size:12px\"><a class=\"wp-block-button__link has-white-color has-black-background-color has-text-color has-background\" href=\"https:\/\/www.dw.com\/de\/wem-geh%C3%B6rt-das-wasser\/a-58979518\" style=\"border-radius:100px\">Wem geh\u00f6rt das Wasser?  &#8211;  DW<\/a><\/div>\n<\/div>\n\n\n\n<hr class=\"wp-block-separator has-alpha-channel-opacity\"\/>\n","protected":false},"excerpt":{"rendered":"","protected":false},"author":1,"featured_media":568,"parent":0,"menu_order":0,"comment_status":"closed","ping_status":"closed","template":"","meta":{"footnotes":""},"class_list":["post-542","page","type-page","status-publish","has-post-thumbnail","hentry"],"_links":{"self":[{"href":"https:\/\/staging.eleworks.de\/index.php?rest_route=\/wp\/v2\/pages\/542","targetHints":{"allow":["GET"]}}],"collection":[{"href":"https:\/\/staging.eleworks.de\/index.php?rest_route=\/wp\/v2\/pages"}],"about":[{"href":"https:\/\/staging.eleworks.de\/index.php?rest_route=\/wp\/v2\/types\/page"}],"author":[{"embeddable":true,"href":"https:\/\/staging.eleworks.de\/index.php?rest_route=\/wp\/v2\/users\/1"}],"replies":[{"embeddable":true,"href":"https:\/\/staging.eleworks.de\/index.php?rest_route=%2Fwp%2Fv2%2Fcomments&post=542"}],"version-history":[{"count":0,"href":"https:\/\/staging.eleworks.de\/index.php?rest_route=\/wp\/v2\/pages\/542\/revisions"}],"wp:featuredmedia":[{"embeddable":true,"href":"https:\/\/staging.eleworks.de\/index.php?rest_route=\/wp\/v2\/media\/568"}],"wp:attachment":[{"href":"https:\/\/staging.eleworks.de\/index.php?rest_route=%2Fwp%2Fv2%2Fmedia&parent=542"}],"curies":[{"name":"wp","href":"https:\/\/api.w.org\/{rel}","templated":true}]}}