{"id":487,"date":"2022-09-02T20:12:11","date_gmt":"2022-09-02T18:12:11","guid":{"rendered":"https:\/\/www.eleworks.de\/?page_id=487"},"modified":"2022-09-04T22:36:07","modified_gmt":"2022-09-04T20:36:07","slug":"wald","status":"publish","type":"page","link":"https:\/\/staging.eleworks.de\/?page_id=487","title":{"rendered":"Natur-(lich) WALD"},"content":{"rendered":"\n<div style=\"height:27px\" aria-hidden=\"true\" class=\"wp-block-spacer\"><\/div>\n\n\n\n<div class=\"wp-block-cover alignfull is-light has-parallax lazyload\" style=\"background-image:inherit;min-height:1818px;aspect-ratio:unset;\" data-bg-image=\"url(https:\/\/s.w.org\/images\/core\/5.8\/forest.jpg)\"><span aria-hidden=\"true\" class=\"wp-block-cover__background has-background-dim-20 has-background-dim\"><\/span><div class=\"wp-block-cover__inner-container is-layout-flow wp-block-cover-is-layout-flow\">\n<h2 class=\"alignwide has-text-color wp-block-heading\" style=\"color:#ffe074;font-size:64px\">Wald.<\/h2>\n\n\n\n<div class=\"wp-block-columns alignwide is-layout-flex wp-container-core-columns-is-layout-9d6595d7 wp-block-columns-is-layout-flex\">\n<div class=\"wp-block-column is-layout-flow wp-block-column-is-layout-flow\" style=\"flex-basis:55%\">\n<div style=\"height:65px\" aria-hidden=\"true\" class=\"wp-block-spacer\"><\/div>\n\n\n\n<p class=\"has-text-color\" style=\"color:#ffe074;font-size:16px;font-style:normal;font-weight:500;line-height:1.3\"><em>Jedes Kind wei\u00df, wie wertvoll der Wald ist. Der frische, atemberaubende Geruch von B\u00e4umen. Echos von V\u00f6geln, die \u00fcber der dichten H\u00f6he fliegen. Ein stabiles Klima, ein nachhaltiges, vielf\u00e4ltiges Leben und eine Quelle der Kultur. Doch W\u00e4lder und andere \u00d6kosysteme h\u00e4ngen in der Schwebe, drohen zu Ackerland, Weideland und Plantagen zu werden.<\/em><\/p>\n\n\n\n<div style=\"height:110px\" aria-hidden=\"true\" class=\"wp-block-spacer\"><\/div>\n\n\n\n<h2 class=\"has-text-color has-large-font-size wp-block-heading\" style=\"color:#ffe074;font-style:normal;font-weight:300\">Unsere gr\u00fcne Lunge \u2013 Ist der Wald noch zu retten?<\/h2>\n\n\n\n<p class=\"has-text-color\" style=\"color:#ffe074;font-size:16px;font-style:italic;font-weight:500\">Ein Drittel unserer Erde ist mit Wald bedeckt. W\u00e4lder liefern Sauerstoff, speichern klimasch\u00e4dliches CO2 und bieten unz\u00e4hligen Tieren Heimat, Nahrung und Wasser. Trotzdem lassen wir zu, dass der Wald rasend schnell verschwindet \u2013 Rodung f\u00fcr Fleisch, Toilettenpapier, Schokocreme und Holz f\u00fcr die Trends der M\u00f6belindustrie. L\u00e4ngst hat unser Konsum-Verhalten Auswirkungen auf das Weltklima. K\u00f6nnen wir den Wald noch retten?<\/p>\n\n\n\n<div style=\"height:50px\" aria-hidden=\"true\" class=\"wp-block-spacer\"><\/div>\n\n\n\n<h2 class=\"has-text-color has-large-font-size wp-block-heading\" style=\"color:#ffe074;font-style:normal;font-weight:300\">Der Wald verdurstet<\/h2>\n\n\n\n<p class=\"has-text-color\" style=\"color:#ffe074;font-size:16px;font-style:italic;font-weight:500\">Im S\u00fcden Hessens sind W\u00e4lder durch Wassermangel gef\u00e4hrdet. Der Gernsheimer Stadtwald weist bereits viele abgestorbene Eichen auf. Zu den Ursachen des Wassermangels z\u00e4hlen die Zersiedelung der Landschaft und die Trinkwassergewinnung.<\/p>\n\n\n\n<div style=\"height:54px\" aria-hidden=\"true\" class=\"wp-block-spacer\"><\/div>\n\n\n\n<h2 class=\"has-text-color has-large-font-size wp-block-heading\" style=\"color:#ffe074;font-style:normal;font-weight:300\">Erst die Trockenheit, dann der Borkenk\u00e4fer<\/h2>\n\n\n\n<p class=\"has-text-color\" style=\"color:#ffe074;font-size:16px;font-style:italic;font-weight:400\">Die Fichte ist immer noch die h\u00e4ufigste Baumart Deutschlands. Doch die Zukunft sieht d\u00fcster aus. Der Baum reagiert besonders empfindlich auf Trockenheit und ist anf\u00e4llig f\u00fcr den Borkenk\u00e4fer. Um den Wald zu retten, braucht es widerstandsf\u00e4higere Arten.<\/p>\n\n\n\n<div style=\"height:120px\" aria-hidden=\"true\" class=\"wp-block-spacer\"><\/div>\n<\/div>\n\n\n\n<div class=\"wp-block-column is-layout-flow wp-block-column-is-layout-flow\">\n<figure class=\"wp-block-image size-large\"><img fetchpriority=\"high\" decoding=\"async\" width=\"1024\" height=\"576\" src=\"https:\/\/www.eleworks.de\/wp-content\/uploads\/2022\/09\/bavarian-forest-1024x576.jpg\" alt=\"\" class=\"wp-image-504\" srcset=\"https:\/\/staging.eleworks.de\/wp-content\/uploads\/2022\/09\/bavarian-forest-1024x576.jpg 1024w, https:\/\/staging.eleworks.de\/wp-content\/uploads\/2022\/09\/bavarian-forest-300x169.jpg 300w, https:\/\/staging.eleworks.de\/wp-content\/uploads\/2022\/09\/bavarian-forest-768x432.jpg 768w, https:\/\/staging.eleworks.de\/wp-content\/uploads\/2022\/09\/bavarian-forest-1536x864.jpg 1536w, https:\/\/staging.eleworks.de\/wp-content\/uploads\/2022\/09\/bavarian-forest-2048x1152.jpg 2048w, https:\/\/staging.eleworks.de\/wp-content\/uploads\/2022\/09\/bavarian-forest-600x337.jpg 600w\" sizes=\"(max-width: 1024px) 100vw, 1024px\" \/><\/figure>\n\n\n\n<figure class=\"wp-block-image size-large\"><img decoding=\"async\" width=\"1024\" height=\"683\" data-src=\"https:\/\/www.eleworks.de\/wp-content\/uploads\/2022\/09\/pine-1763534-1024x683.jpg\" alt=\"\" class=\"wp-image-503 lazyload\" data-srcset=\"https:\/\/staging.eleworks.de\/wp-content\/uploads\/2022\/09\/pine-1763534-1024x683.jpg 1024w, https:\/\/staging.eleworks.de\/wp-content\/uploads\/2022\/09\/pine-1763534-300x200.jpg 300w, https:\/\/staging.eleworks.de\/wp-content\/uploads\/2022\/09\/pine-1763534-768x512.jpg 768w, https:\/\/staging.eleworks.de\/wp-content\/uploads\/2022\/09\/pine-1763534-1536x1024.jpg 1536w, https:\/\/staging.eleworks.de\/wp-content\/uploads\/2022\/09\/pine-1763534-2048x1365.jpg 2048w, https:\/\/staging.eleworks.de\/wp-content\/uploads\/2022\/09\/pine-1763534-600x400.jpg 600w\" data-sizes=\"(max-width: 1024px) 100vw, 1024px\" src=\"data:image\/svg+xml;base64,PHN2ZyB3aWR0aD0iMSIgaGVpZ2h0PSIxIiB4bWxucz0iaHR0cDovL3d3dy53My5vcmcvMjAwMC9zdmciPjwvc3ZnPg==\" style=\"--smush-placeholder-width: 1024px; --smush-placeholder-aspect-ratio: 1024\/683;\" \/><\/figure>\n\n\n\n<figure class=\"wp-block-image size-large\"><img decoding=\"async\" width=\"635\" height=\"1024\" data-src=\"https:\/\/www.eleworks.de\/wp-content\/uploads\/2022\/09\/tree-trunks-635x1024.jpg\" alt=\"\" class=\"wp-image-501 lazyload\" data-srcset=\"https:\/\/staging.eleworks.de\/wp-content\/uploads\/2022\/09\/tree-trunks-635x1024.jpg 635w, https:\/\/staging.eleworks.de\/wp-content\/uploads\/2022\/09\/tree-trunks-186x300.jpg 186w, https:\/\/staging.eleworks.de\/wp-content\/uploads\/2022\/09\/tree-trunks-768x1239.jpg 768w, https:\/\/staging.eleworks.de\/wp-content\/uploads\/2022\/09\/tree-trunks-952x1536.jpg 952w, https:\/\/staging.eleworks.de\/wp-content\/uploads\/2022\/09\/tree-trunks-1269x2048.jpg 1269w, https:\/\/staging.eleworks.de\/wp-content\/uploads\/2022\/09\/tree-trunks-600x968.jpg 600w, https:\/\/staging.eleworks.de\/wp-content\/uploads\/2022\/09\/tree-trunks-scaled.jpg 1586w\" data-sizes=\"(max-width: 635px) 100vw, 635px\" src=\"data:image\/svg+xml;base64,PHN2ZyB3aWR0aD0iMSIgaGVpZ2h0PSIxIiB4bWxucz0iaHR0cDovL3d3dy53My5vcmcvMjAwMC9zdmciPjwvc3ZnPg==\" style=\"--smush-placeholder-width: 635px; --smush-placeholder-aspect-ratio: 635\/1024;\" \/><\/figure>\n<\/div>\n<\/div>\n<\/div><\/div>\n\n\n\n<hr class=\"wp-block-separator has-alpha-channel-opacity\"\/>\n\n\n\n<div class=\"wp-block-buttons is-layout-flex wp-block-buttons-is-layout-flex\"><\/div>\n\n\n\n<div class=\"wp-block-buttons is-layout-flex wp-block-buttons-is-layout-flex\">\n<div class=\"wp-block-button has-custom-width wp-block-button__width-100 has-custom-font-size\" style=\"font-size:12px\"><a class=\"wp-block-button__link\" href=\"https:\/\/www.deutschlandfunk.de\/der-wald-verdurstet-100.html\">Der Wald verdurstet<\/a><\/div>\n<\/div>\n\n\n\n<div style=\"height:10px\" aria-hidden=\"true\" class=\"wp-block-spacer\"><\/div>\n\n\n\n<div class=\"wp-block-buttons is-layout-flex wp-block-buttons-is-layout-flex\">\n<div class=\"wp-block-button has-custom-width wp-block-button__width-100 has-custom-font-size\" style=\"font-size:12px\"><a class=\"wp-block-button__link\" href=\"https:\/\/www.deutschlandfunkkultur.de\/waldsterben-trockenheit-borkenkaefer-100.html\">Erst die Trockenheit, dann der Borkenk\u00e4fer<\/a><\/div>\n<\/div>\n\n\n\n<div class=\"wp-block-buttons is-layout-flex wp-block-buttons-is-layout-flex\"><\/div>\n\n\n\n<div style=\"height:49px\" aria-hidden=\"true\" class=\"wp-block-spacer\"><\/div>\n\n\n\n<figure class=\"wp-block-image size-large\"><img decoding=\"async\" width=\"1024\" height=\"506\" data-src=\"https:\/\/www.eleworks.de\/wp-content\/uploads\/2022\/09\/tropen-jungle-1024x506.jpg\" alt=\"\" class=\"wp-image-532 lazyload\" data-srcset=\"https:\/\/staging.eleworks.de\/wp-content\/uploads\/2022\/09\/tropen-jungle-1024x506.jpg 1024w, https:\/\/staging.eleworks.de\/wp-content\/uploads\/2022\/09\/tropen-jungle-300x148.jpg 300w, https:\/\/staging.eleworks.de\/wp-content\/uploads\/2022\/09\/tropen-jungle-768x380.jpg 768w, https:\/\/staging.eleworks.de\/wp-content\/uploads\/2022\/09\/tropen-jungle-1536x759.jpg 1536w, https:\/\/staging.eleworks.de\/wp-content\/uploads\/2022\/09\/tropen-jungle-2048x1012.jpg 2048w, https:\/\/staging.eleworks.de\/wp-content\/uploads\/2022\/09\/tropen-jungle-600x297.jpg 600w\" data-sizes=\"(max-width: 1024px) 100vw, 1024px\" src=\"data:image\/svg+xml;base64,PHN2ZyB3aWR0aD0iMSIgaGVpZ2h0PSIxIiB4bWxucz0iaHR0cDovL3d3dy53My5vcmcvMjAwMC9zdmciPjwvc3ZnPg==\" style=\"--smush-placeholder-width: 1024px; --smush-placeholder-aspect-ratio: 1024\/506;\" \/><figcaption><strong>UN und Nasa fordern besseren Schutz f\u00fcr tropischen Regenwald<\/strong><\/figcaption><\/figure>\n","protected":false},"excerpt":{"rendered":"","protected":false},"author":1,"featured_media":568,"parent":0,"menu_order":0,"comment_status":"closed","ping_status":"closed","template":"fullwidth.php","meta":{"footnotes":""},"class_list":["post-487","page","type-page","status-publish","has-post-thumbnail","hentry"],"_links":{"self":[{"href":"https:\/\/staging.eleworks.de\/index.php?rest_route=\/wp\/v2\/pages\/487","targetHints":{"allow":["GET"]}}],"collection":[{"href":"https:\/\/staging.eleworks.de\/index.php?rest_route=\/wp\/v2\/pages"}],"about":[{"href":"https:\/\/staging.eleworks.de\/index.php?rest_route=\/wp\/v2\/types\/page"}],"author":[{"embeddable":true,"href":"https:\/\/staging.eleworks.de\/index.php?rest_route=\/wp\/v2\/users\/1"}],"replies":[{"embeddable":true,"href":"https:\/\/staging.eleworks.de\/index.php?rest_route=%2Fwp%2Fv2%2Fcomments&post=487"}],"version-history":[{"count":0,"href":"https:\/\/staging.eleworks.de\/index.php?rest_route=\/wp\/v2\/pages\/487\/revisions"}],"wp:featuredmedia":[{"embeddable":true,"href":"https:\/\/staging.eleworks.de\/index.php?rest_route=\/wp\/v2\/media\/568"}],"wp:attachment":[{"href":"https:\/\/staging.eleworks.de\/index.php?rest_route=%2Fwp%2Fv2%2Fmedia&parent=487"}],"curies":[{"name":"wp","href":"https:\/\/api.w.org\/{rel}","templated":true}]}}